{"id":15,"date":"2013-05-31T11:58:45","date_gmt":"2013-05-31T11:58:45","guid":{"rendered":"http:\/\/impreza.us-themes.net\/pages\/services\/"},"modified":"2026-04-10T11:46:29","modified_gmt":"2026-04-10T11:46:29","slug":"dokumenti","status":"publish","type":"page","link":"https:\/\/zeleniseget.hr\/wp\/?page_id=15","title":{"rendered":"Dokumenti i obrasci"},"content":{"rendered":"<section class=\"l-section wpb_row height_custom\"><div class=\"l-section-h i-cf\"><div class=\"g-cols vc_row via_grid cols_1 laptops-cols_inherit tablets-cols_inherit mobiles-cols_1 valign_top type_default stacking_default\"><div class=\"wpb_column vc_column_container\"><div class=\"vc_column-inner\"><div class=\"w-tabs style_default switch_click accordion has_scrolling\" style=\"--sections-title-size:inherit\"><div class=\"w-tabs-sections titles-align_none icon_chevron cpos_right\"><div class=\"w-tabs-section\" id=\"cfca\"><button class=\"w-tabs-section-header\" aria-controls=\"content-cfca\" aria-expanded=\"false\"><div class=\"w-tabs-section-title\">Vodi\u010d za razvrstavanje otpada &#8211; Zeleni Seget<\/div><div class=\"w-tabs-section-control\"><\/div><\/button><div  class=\"w-tabs-section-content\" id=\"content-cfca\"><div class=\"w-tabs-section-content-h i-cf\"><div class=\"w-btn-wrapper align_none\"><a class=\"w-btn us-btn-style_1\" target=\"_blank\" href=\"https:\/\/zeleniseget.hr\/wp\/wp-content\/uploads\/2025\/12\/ZS_vodic_za_razvrstavanje_otpada.pdf\"><span class=\"w-btn-label\">Preuzmi vodi\u010d<\/span><\/a><\/div><\/div><\/div><\/div><\/div><\/div><div class=\"w-tabs style_default switch_click accordion has_scrolling\" style=\"--sections-title-size:inherit\"><div class=\"w-tabs-sections titles-align_none icon_chevron cpos_right\"><div class=\"w-tabs-section\" id=\"r3af\"><button class=\"w-tabs-section-header\" aria-controls=\"content-r3af\" aria-expanded=\"false\"><div class=\"w-tabs-section-title\">Ugovor i izjava &#8211; javna usluga prikupljanja otpada<\/div><div class=\"w-tabs-section-control\"><\/div><\/button><div  class=\"w-tabs-section-content us_custom_ea76afbe\" id=\"content-r3af\"><div class=\"w-tabs-section-content-h i-cf\"><div class=\"wpb_text_column\"><div class=\"wpb_wrapper\"><p>Ugovor izme\u0111u korisnika i Zelenog Segeta za pru\u017eanje javne usluge prikupljanja mije\u0161anog komunalnog otpada sastoji se od:<\/p>\n<ul>\n<li>Izjava o na\u010dinu kori\u0161tenja javne usluge prikupljanja mije\u0161anog komunalnog otpada i biorazgradivog komunalnog otpada &#8211; <a href=\"https:\/\/zeleniseget.hr\/wp\/wp-content\/uploads\/2024\/11\/ZELENI-SEGET-Izjava-2024-v2.docx\">preuzmi<\/a><\/li>\n<li>Odluka o na\u010dinu pru\u017eanja javne usluge sakupljanja komunalnog otpada na podru\u010dju Op\u0107ine Seget &#8211; <a href=\"https:\/\/zeleniseget.hr\/wp\/wp-content\/uploads\/2024\/11\/Odluka-o-nacinu-pruzanja-javne-usluge-sakupljanja-komunalnog-otpada-na-podrucju-Opcine-Seget.pdf\">preuzmi<\/a><\/li>\n<li>Op\u0107ih uvjeta ugovora o kori\u0161tenju javne usluge sakupljanja komunalnog otpada na podru\u010dju Op\u0107ine Seget &#8211; <a href=\"https:\/\/zeleniseget.hr\/wp\/wp-content\/uploads\/2024\/11\/Opci-uvjeti-pruzanja-javne-usluge.pdf\">preuzmi<\/a><\/li>\n<\/ul>\n<p><strong>Napomena:<\/strong> svi korisnici koji su koristili javnu uslugu prethodnog koncesionara bez obzira da li su prethodo potpisali izjavu ili ne su automatski postali korisnici javne usluge temeljem odredbi Odluke o na\u010dinu prikupljanja otpada. Nadalje sva ku\u0107anstva i pravne osobe na podru\u010dju Op\u0107ine Seget su du\u017ena koristiti javnu uslugu sakupljanja otpada temeljem odredbi Odluke o komunalnom redu Op\u0107ine Seget i Zakon o gospodarenju otpadom.<\/p>\n<\/div><\/div><\/div><\/div><\/div><\/div><\/div><div class=\"w-tabs style_default switch_click accordion has_scrolling\" style=\"--sections-title-size:inherit\"><div class=\"w-tabs-sections titles-align_none icon_chevron cpos_right\"><div class=\"w-tabs-section\" id=\"u684\"><button class=\"w-tabs-section-header\" aria-controls=\"content-u684\" aria-expanded=\"false\"><div class=\"w-tabs-section-title\">Obrasci<\/div><div class=\"w-tabs-section-control\"><\/div><\/button><div  class=\"w-tabs-section-content\" id=\"content-u684\"><div class=\"w-tabs-section-content-h i-cf\"><div class=\"wpb_text_column\"><div class=\"wpb_wrapper\"><ul>\n<li>Izjava o kompostiranju &#8211; <a href=\"https:\/\/zeleniseget.hr\/wp\/wp-content\/uploads\/2024\/11\/Izjava-o-kompostiranju-Zeleni-Seget.docx\">preuzmi<\/a><\/li>\n<li>Zapisnik o preuzimanju spremnika &#8211; <a href=\"https:\/\/zeleniseget.hr\/wp\/wp-content\/uploads\/2024\/11\/Zapisnik-o-preuzimanju-spremnika-Zeleni-Seget.docx\">preuzmi<\/a><\/li>\n<\/ul>\n<\/div><\/div><\/div><\/div><\/div><div class=\"w-tabs-section\" id=\"eab1\"><button class=\"w-tabs-section-header\" aria-controls=\"content-eab1\" aria-expanded=\"false\"><div class=\"w-tabs-section-title\">Cjenik javne usluge odvoza otpada<\/div><div class=\"w-tabs-section-control\"><\/div><\/button><div  class=\"w-tabs-section-content\" id=\"content-eab1\"><div class=\"w-tabs-section-content-h i-cf\"><div class=\"wpb_text_column\"><div class=\"wpb_wrapper\"><p><strong>Va\u017ee\u0107i cjenik pru\u017eanja javne usluge odvoza komunalnog i reciklabilnog otpada (od 01.01.2025)<\/strong>\u00a0&#8211; <a href=\"https:\/\/zeleniseget.hr\/wp\/wp-content\/uploads\/2024\/12\/Zeleni-Seget-Cjenik-pruzanja-javne-usluge-prikupljanja-komunalnog-otpada.pdf\">preuzmi<\/a><\/p>\n<p><strong>Cijena<\/strong> minimalne javne usluge primjenjuje se temeljem \u010dl. 32 odluke o na\u010dinu pru\u017eanja javne usluge Op\u0107inskog vije\u0107a Op\u0107ine Seget od 01.01.2025.<\/p>\n<p>Tekst odluke o na\u010dinu prikupljanja otpada je dostupan na <a href=\"https:\/\/www.opcinaseget.hr\/dokumenti\/\">www.opcinaseget.hr\/dokumenti<\/a><\/p>\n<\/div><\/div><div class=\"g-cols wpb_row via_grid cols_1 laptops-cols_inherit tablets-cols_inherit mobiles-cols_1 valign_top type_default stacking_default\" style=\"--gap:3rem;\"><div class=\"wpb_column vc_column_container\"><div class=\"vc_column-inner\"><div class=\"wpb_text_column\"><div class=\"wpb_wrapper\"><p>O\u010ditovanje na\u010delnika na prijedlog cjenika javne usluge &#8211; <strong><a href=\"https:\/\/zeleniseget.hr\/wp\/wp-content\/uploads\/2026\/02\/Ocitovanje_na_cjenik.pdf\">preuzmi<\/a><\/strong><\/p>\n<\/div><\/div><\/div><\/div><\/div><div class=\"wpb_text_column\"><div class=\"wpb_wrapper\"><p>Suglasnost na\u010delnika na cjenik javne usluge &#8211; <strong><a href=\"https:\/\/zeleniseget.hr\/wp\/wp-content\/uploads\/2026\/02\/Suglasnost_na_cjenik.pdf\">preuzmi<\/a><\/strong><\/p>\n<\/div><\/div><\/div><\/div><\/div><div class=\"w-tabs-section\" id=\"rb77\"><button class=\"w-tabs-section-header\" aria-controls=\"content-rb77\" aria-expanded=\"false\"><div class=\"w-tabs-section-title\">Cjenik pru\u017eanja komunalne usluge ukopa pokojnika<\/div><div class=\"w-tabs-section-control\"><\/div><\/button><div  class=\"w-tabs-section-content\" id=\"content-rb77\"><div class=\"w-tabs-section-content-h i-cf\"><div class=\"wpb_text_column\"><div class=\"wpb_wrapper\"><p>Va\u017ee\u0107i cjenik pru\u017eanja usluge ukopa pokojnika na podru\u010dju Op\u0107ine Seget (od 25.01.2025) &#8211;<strong><a href=\"https:\/\/zeleniseget.hr\/wp\/wp-content\/uploads\/2025\/02\/Cjenik-komunalnih-usluga-ukopa-pokojnika-na-podorucju-Opcine-Seget-Zeleni-Seget.pdf\">preuzmi<\/a><\/strong><\/p>\n<p>Op\u0107i uvjeti isporuke komunalne usluge ukopa pokojnika unutar groblja na podru\u010dju Op\u0107ine Seget &#8211; <a href=\"https:\/\/zeleniseget.hr\/wp\/wp-content\/uploads\/2025\/02\/OPCI-UVJETI-ISPORUKE-KOMUNALNE-USLUGE-UKOPA-POKOJNIKA.pdf\"><strong>preuzmi<\/strong><\/a><\/p>\n<\/div><\/div><\/div><\/div><\/div><div class=\"w-tabs-section\" id=\"ic43\"><button class=\"w-tabs-section-header\" aria-controls=\"content-ic43\" aria-expanded=\"false\"><div class=\"w-tabs-section-title\">Propisi<\/div><div class=\"w-tabs-section-control\"><\/div><\/button><div  class=\"w-tabs-section-content\" id=\"content-ic43\"><div class=\"w-tabs-section-content-h i-cf\"><div class=\"wpb_text_column\"><div class=\"wpb_wrapper\"><p>Pravilnik o\u00a0 gospodarenju otpadom (Narodne novine, <span>NN 106\/2022<\/span>): <a href=\"https:\/\/narodne-novine.nn.hr\/clanci\/sluzbeni\/2022_09_106_1552.html\">https:\/\/narodne-novine.nn.hr\/clanci\/sluzbeni\/2022_09_106_1552.html<\/a><\/p>\n<p>Zakon o gospodarenju otpadom (Narodne novine, NN 84\/2021): <a class=\"decorated-link\" href=\"https:\/\/narodne-novine.nn.hr\/clanci\/sluzbeni\/2021_07_84_1554.html?utm_source=chatgpt.com\" target=\"_new\" rel=\"noopener\" data-start=\"1417\" data-end=\"1482\">https:\/\/narodne-novine.nn.hr\/clanci\/sluzbeni\/2021_07_84_1554.html<\/a><\/p>\n<p>Zakon o za\u0161titi potro\u0161a\u010da (Narodne novine, NN 19\/2022): <a class=\"decorated-link\" href=\"https:\/\/narodne-novine.nn.hr\/clanci\/sluzbeni\/2022_02_19_203.html?utm_source=chatgpt.com\" target=\"_new\" rel=\"noopener\" data-start=\"1559\" data-end=\"1623\">https:\/\/narodne-novine.nn.hr\/clanci\/sluzbeni\/2022_02_19_203.html<\/a><\/p>\n<\/div><\/div><\/div><\/div><\/div><div class=\"w-tabs-section\" id=\"wd1b\"><button class=\"w-tabs-section-header\" aria-controls=\"content-wd1b\" aria-expanded=\"false\"><div class=\"w-tabs-section-title\">Javna nabava<\/div><div class=\"w-tabs-section-control\"><\/div><\/button><div  class=\"w-tabs-section-content\" id=\"content-wd1b\"><div class=\"w-tabs-section-content-h i-cf\"><div class=\"wpb_text_column\"><div class=\"wpb_wrapper\"><p><a href=\"https:\/\/eojn.hr\/plan-eo\/12243\">Plan nabave za 2026. godinu<\/a><\/p>\n<p><a href=\"https:\/\/eojn.hr\/plan-eo\/8266\">Plan nabave za 2025. godinu<\/a><\/p>\n<p><a href=\"https:\/\/eojn.hr\/plan-eo\/3951\">Plan nabave za 2024. godinu<\/a><\/p>\n<p><a href=\"https:\/\/zeleniseget.hr\/wp\/wp-content\/uploads\/2026\/04\/Pravilnik_o_provedbi_postupaka_jednostavne_nabave.pdf\">Pravilnik o provedbi postupaka jednostavne nabave<\/a><\/p>\n<p><a href=\"https:\/\/zeleniseget.hr\/wp\/wp-content\/uploads\/2026\/04\/Registar_ugovora.xlsx\">Registar ugovora<\/a><\/p>\n<\/div><\/div><\/div><\/div><\/div><\/div><\/div><\/div><\/div><\/div><\/div><\/section>\n","protected":false},"excerpt":{"rendered":"","protected":false},"author":1,"featured_media":0,"parent":0,"menu_order":0,"comment_status":"closed","ping_status":"closed","template":"","meta":{"footnotes":""},"class_list":["post-15","page","type-page","status-publish","hentry"],"_links":{"self":[{"href":"https:\/\/zeleniseget.hr\/wp\/index.php?rest_route=\/wp\/v2\/pages\/15","targetHints":{"allow":["GET"]}}],"collection":[{"href":"https:\/\/zeleniseget.hr\/wp\/index.php?rest_route=\/wp\/v2\/pages"}],"about":[{"href":"https:\/\/zeleniseget.hr\/wp\/index.php?rest_route=\/wp\/v2\/types\/page"}],"author":[{"embeddable":true,"href":"https:\/\/zeleniseget.hr\/wp\/index.php?rest_route=\/wp\/v2\/users\/1"}],"replies":[{"embeddable":true,"href":"https:\/\/zeleniseget.hr\/wp\/index.php?rest_route=%2Fwp%2Fv2%2Fcomments&post=15"}],"version-history":[{"count":42,"href":"https:\/\/zeleniseget.hr\/wp\/index.php?rest_route=\/wp\/v2\/pages\/15\/revisions"}],"predecessor-version":[{"id":9243,"href":"https:\/\/zeleniseget.hr\/wp\/index.php?rest_route=\/wp\/v2\/pages\/15\/revisions\/9243"}],"wp:attachment":[{"href":"https:\/\/zeleniseget.hr\/wp\/index.php?rest_route=%2Fwp%2Fv2%2Fmedia&parent=15"}],"curies":[{"name":"wp","href":"https:\/\/api.w.org\/{rel}","templated":true}]}}