{"id":6635,"date":"2019-05-10T14:40:15","date_gmt":"2019-05-10T14:40:15","guid":{"rendered":"http:\/\/impreza.us-themes.com\/?page_id=6635"},"modified":"2026-04-03T10:06:48","modified_gmt":"2026-04-03T10:06:48","slug":"pocetna","status":"publish","type":"page","link":"https:\/\/zeleniseget.hr\/wp\/","title":{"rendered":"Po\u010detna"},"content":{"rendered":"<section class=\"l-section wpb_row us_custom_c1df7106 height_large color_primary with_shape\"><div class=\"l-section-shape type_triangle pos_bottom\" style=\"height:15vmin;\"><svg xmlns=\"http:\/\/www.w3.org\/2000\/svg\" viewBox=\"0 0 64 8\" preserveAspectRatio=\"none\" width=\"100%\" height=\"100%\">\r\n\t<path fill=\"currentColor\" d=\"M64 8 L0 8 L0 0 L32 7.9 L64 0 Z\"\/>\r\n<\/svg><\/div><div class=\"l-section-h i-cf\"><div class=\"g-cols vc_row via_grid cols_1 laptops-cols_inherit tablets-cols_inherit mobiles-cols_1 valign_top type_default stacking_default\"><div class=\"wpb_column vc_column_container us_custom_b2833203\"><div class=\"vc_column-overlay\" style=\"background:rgba(0,0,0,0.75)\"><\/div><div class=\"vc_column-inner\"><div class=\"wpb_text_column\"><div class=\"wpb_wrapper\"><h4><span style=\"color: #fffffe;\">OBAVIJEST<\/span><\/h4>\n<ul>\n<li>OBAVIJEST O ODVOZU OTPADA 06.04.2026. &#8211; vi\u0161e na <span style=\"color: #ff0000;\"><strong><a style=\"color: #ff0000;\" href=\"https:\/\/zeleniseget.hr\/wp\/?p=9227\">poveznici<\/a><\/strong><\/span><\/li>\n<li>ODGODA podjele spremnika (Ljubitovica) &#8211; vi\u0161e na <span style=\"color: #ff0000;\"><strong><a style=\"color: #ff0000;\" href=\"https:\/\/zeleniseget.hr\/wp\/?p=9222\">poveznici<\/a><\/strong><\/span><\/li>\n<li>PODJELA SPREMNIKA I NOVI RASPORED ODVOZA OTPADA ZA <strong>SEGET GORNJI<\/strong> &#8211; vi\u0161e na <a href=\"https:\/\/zeleniseget.hr\/wp\/?p=9209\"><span style=\"color: #ff0000;\"><strong>poveznici<\/strong><\/span><\/a><br \/>\n<span style=\"color: #ff0000;\"><\/span><\/li>\n<li>Pogrebne usluge &#8211; Obavijest da je Zeleni Seget pru\u017eatelj usluge ukopa pokojnika<\/li>\n<li>Obavijest o NOVOM CJENIKU pru\u017eanja javne usluge odvoza otpada dostupan je na sljede\u0107oj <strong><span style=\"color: #ff0000;\"><a style=\"color: #ff0000;\" href=\"https:\/\/zeleniseget.hr\/wp\/?p=9127\">poveznici<\/a><\/span><\/strong><\/li>\n<\/ul>\n<\/div><\/div><\/div><\/div><\/div><\/div><\/section><section class=\"l-section wpb_row height_small\" id=\"features\"><div class=\"l-section-h i-cf\"><div class=\"g-cols vc_row via_grid cols_3 laptops-cols_inherit tablets-cols_2 mobiles-cols_1 valign_top type_default stacking_default\"><div class=\"wpb_column vc_column_container\"><div class=\"vc_column-inner\"><div class=\"w-iconbox iconpos_top style_default color_primary align_left\"><a href=\"https:\/\/zeleniseget.hr\/wp\/?page_id=15\" class=\"w-iconbox-link\" aria-label=\"Dokumenti i obrasci\"><div class=\"w-iconbox-icon\" style=\"font-size:2.2rem;\"><i class=\"fal fa-layer-group\"><\/i><\/div><\/a><div class=\"w-iconbox-meta\"><a href=\"https:\/\/zeleniseget.hr\/wp\/?page_id=15\" class=\"w-iconbox-link\" aria-label=\"Dokumenti i obrasci\"><h4 class=\"w-iconbox-title\">Dokumenti i obrasci<\/h4><\/a><div class=\"w-iconbox-text\"><p>cjenik, izjava, zahtjevi, potvrde&#8230;<\/p>\n<\/div><\/div><\/div><\/div><\/div><div class=\"wpb_column vc_column_container\"><div class=\"vc_column-inner\"><div class=\"w-iconbox iconpos_top style_default color_primary align_left\"><a href=\"https:\/\/zeleniseget.hr\/wp\/?page_id=8952\" class=\"w-iconbox-link\" aria-label=\"Raspored odvoza otpada\"><div class=\"w-iconbox-icon\" style=\"font-size:2,2rem;\"><i class=\"fal fa-pencil-ruler\"><\/i><\/div><\/a><div class=\"w-iconbox-meta\"><a href=\"https:\/\/zeleniseget.hr\/wp\/?page_id=8952\" class=\"w-iconbox-link\" aria-label=\"Raspored odvoza otpada\"><h4 class=\"w-iconbox-title\">Raspored odvoza otpada<\/h4><\/a><div class=\"w-iconbox-text\"><p>raspored odvoza prema naseljima i periodu<\/p>\n<\/div><\/div><\/div><\/div><\/div><div class=\"wpb_column vc_column_container\"><div class=\"vc_column-inner\"><div class=\"w-iconbox iconpos_top style_default color_primary align_left\"><a href=\"https:\/\/zeleniseget.hr\/wp\/?page_id=8992\" class=\"w-iconbox-link\" aria-label=\"Obavijesti i informacije\"><div class=\"w-iconbox-icon\" style=\"font-size:2.2rem;\"><i class=\"fal fa-tablet-alt\"><\/i><\/div><\/a><div class=\"w-iconbox-meta\"><a href=\"https:\/\/zeleniseget.hr\/wp\/?page_id=8992\" class=\"w-iconbox-link\" aria-label=\"Obavijesti i informacije\"><h4 class=\"w-iconbox-title\">Obavijesti i informacije<\/h4><\/a><div class=\"w-iconbox-text\"><p>va\u017ene obavijesti za korisnike javnih usluga<\/p>\n<\/div><\/div><\/div><\/div><\/div><\/div><\/div><\/section><section class=\"l-section wpb_row height_auto\"><div class=\"l-section-h i-cf\"><div class=\"g-cols vc_row via_grid cols_1 laptops-cols_inherit tablets-cols_inherit mobiles-cols_1 valign_top type_default stacking_default\"><div class=\"wpb_column vc_column_container us_custom_2515fe1d stretched\"><div class=\"vc_column-overlay\" style=\"background:var(--color-content-primary)\"><\/div><div class=\"vc_column-inner\"><div class=\"wpb_text_column us_custom_757dc766\"><div class=\"wpb_wrapper\"><h2 style=\"text-align: center;\">DJELATNOSTI ZELENOG SEGETA<\/h2>\n<\/div><\/div><\/div><\/div><\/div><\/div><\/section><section class=\"l-section wpb_row height_auto\" id=\"third\"><div class=\"l-section-h i-cf\"><div class=\"g-cols vc_row via_grid cols_1 laptops-cols_inherit tablets-cols_inherit mobiles-cols_1 valign_top type_boxes stacking_default\" style=\"--gap:0rem;\"><div class=\"wpb_column vc_column_container stretched\"><div class=\"vc_column-inner\"><div class=\"w-separator size_small\"><\/div><div class=\"g-cols wpb_row via_grid cols_3 laptops-cols_inherit tablets-cols_inherit mobiles-cols_1 valign_top type_default stacking_default\" style=\"--gap:3rem;\"><div class=\"wpb_column vc_column_container\"><div class=\"vc_column-inner\"><div class=\"w-iconbox iconpos_left style_default color_primary align_left no_text\"><div class=\"w-iconbox-icon\" style=\"font-size:2rem;\"><i class=\"far fa-dumpster\"><\/i><\/div><div class=\"w-iconbox-meta\"><h3 class=\"w-iconbox-title\" style=\"font-size:1.5rem;\">Gospodarenje otpadom<\/h3><\/div><\/div><\/div><\/div><div class=\"wpb_column vc_column_container\"><div class=\"vc_column-inner\"><div class=\"w-iconbox iconpos_left style_default color_primary align_left no_text\"><div class=\"w-iconbox-icon\" style=\"font-size:2rem;\"><i class=\"far fa-tree-alt\"><\/i><\/div><div class=\"w-iconbox-meta\"><h3 class=\"w-iconbox-title\" style=\"font-size:1.5rem;\">Odr\u017eavanje javnih zelenih povr\u0161ina<\/h3><\/div><\/div><\/div><\/div><div class=\"wpb_column vc_column_container\"><div class=\"vc_column-inner\"><div class=\"w-iconbox iconpos_left style_default color_primary align_left no_text\"><div class=\"w-iconbox-icon\" style=\"font-size:2rem;\"><i class=\"far fa-city\"><\/i><\/div><div class=\"w-iconbox-meta\"><h3 class=\"w-iconbox-title\" style=\"font-size:1.5rem;\">Odr\u017eavanje \u010disto\u0107e javnih povr\u0161ina<\/h3><\/div><\/div><\/div><\/div><div class=\"wpb_column vc_column_container\"><div class=\"vc_column-inner\"><div class=\"w-iconbox iconpos_left style_default color_primary align_left no_text\"><div class=\"w-iconbox-icon\" style=\"font-size:2rem;\"><i class=\"far fa-lightbulb\"><\/i><\/div><div class=\"w-iconbox-meta\"><h3 class=\"w-iconbox-title\" style=\"font-size:1.5rem;\">Odr\u017eavanje javne rasvjet<\/h3><\/div><\/div><\/div><\/div><div class=\"wpb_column vc_column_container\"><div class=\"vc_column-inner\"><div class=\"w-iconbox iconpos_left style_default color_primary align_left no_text\"><div class=\"w-iconbox-icon\" style=\"font-size:2rem;\"><i class=\"far fa-tombstone\"><\/i><\/div><div class=\"w-iconbox-meta\"><h3 class=\"w-iconbox-title\" style=\"font-size:1.5rem;\">Odr\u017eavanje groblja i krematorija unutar groblja<\/h3><\/div><\/div><\/div><\/div><div class=\"wpb_column vc_column_container\"><div class=\"vc_column-inner\"><div class=\"w-iconbox iconpos_left style_default color_primary align_left no_text\"><div class=\"w-iconbox-icon\" style=\"font-size:2rem;\"><i class=\"far fa-parking\"><\/i><\/div><div class=\"w-iconbox-meta\"><h3 class=\"w-iconbox-title\" style=\"font-size:1.5rem;\">Upravljanje parkingom<\/h3><\/div><\/div><\/div><\/div><div class=\"wpb_column vc_column_container\"><div class=\"vc_column-inner\"><div class=\"w-iconbox iconpos_left style_default color_primary align_left no_text\"><div class=\"w-iconbox-icon\" style=\"font-size:2rem;\"><i class=\"far fa-th\"><\/i><\/div><div class=\"w-iconbox-meta\"><h3 class=\"w-iconbox-title\" style=\"font-size:1.5rem;\">Odr\u017eavanje javnih povr\u0161ina<\/h3><\/div><\/div><\/div><\/div><div class=\"wpb_column vc_column_container\"><div class=\"vc_column-inner\"><div class=\"w-iconbox iconpos_left style_default color_primary align_left no_text\"><div class=\"w-iconbox-icon\" style=\"font-size:2rem;\"><i class=\"far fa-cog\"><\/i><\/div><div class=\"w-iconbox-meta\"><h3 class=\"w-iconbox-title\" style=\"font-size:1.5rem;\">Odr\u017eavanje nerazvrstanih cesta<\/h3><\/div><\/div><\/div><\/div><div class=\"wpb_column vc_column_container\"><div class=\"vc_column-inner\"><div class=\"w-iconbox iconpos_left style_default color_primary align_left no_text\"><div class=\"w-iconbox-icon\" style=\"font-size:2rem;\"><i class=\"far fa-shopping-bag\"><\/i><\/div><div class=\"w-iconbox-meta\"><h3 class=\"w-iconbox-title\" style=\"font-size:1.5rem;\">Upravljanje tr\u017enicama<\/h3><\/div><\/div><\/div><\/div><\/div><div class=\"w-separator size_large\"><\/div><\/div><\/div><\/div><\/div><\/section>\n","protected":false},"excerpt":{"rendered":"","protected":false},"author":1,"featured_media":8909,"parent":0,"menu_order":0,"comment_status":"closed","ping_status":"closed","template":"","meta":{"footnotes":""},"class_list":["post-6635","page","type-page","status-publish","has-post-thumbnail","hentry"],"_links":{"self":[{"href":"https:\/\/zeleniseget.hr\/wp\/index.php?rest_route=\/wp\/v2\/pages\/6635","targetHints":{"allow":["GET"]}}],"collection":[{"href":"https:\/\/zeleniseget.hr\/wp\/index.php?rest_route=\/wp\/v2\/pages"}],"about":[{"href":"https:\/\/zeleniseget.hr\/wp\/index.php?rest_route=\/wp\/v2\/types\/page"}],"author":[{"embeddable":true,"href":"https:\/\/zeleniseget.hr\/wp\/index.php?rest_route=\/wp\/v2\/users\/1"}],"replies":[{"embeddable":true,"href":"https:\/\/zeleniseget.hr\/wp\/index.php?rest_route=%2Fwp%2Fv2%2Fcomments&post=6635"}],"version-history":[{"count":64,"href":"https:\/\/zeleniseget.hr\/wp\/index.php?rest_route=\/wp\/v2\/pages\/6635\/revisions"}],"predecessor-version":[{"id":9229,"href":"https:\/\/zeleniseget.hr\/wp\/index.php?rest_route=\/wp\/v2\/pages\/6635\/revisions\/9229"}],"wp:featuredmedia":[{"embeddable":true,"href":"https:\/\/zeleniseget.hr\/wp\/index.php?rest_route=\/wp\/v2\/media\/8909"}],"wp:attachment":[{"href":"https:\/\/zeleniseget.hr\/wp\/index.php?rest_route=%2Fwp%2Fv2%2Fmedia&parent=6635"}],"curies":[{"name":"wp","href":"https:\/\/api.w.org\/{rel}","templated":true}]}}