{"id":8992,"date":"2024-12-24T11:58:45","date_gmt":"2024-12-24T11:58:45","guid":{"rendered":"https:\/\/zeleniseget.hr\/wp\/?page_id=8992"},"modified":"2024-12-25T23:02:21","modified_gmt":"2024-12-25T23:02:21","slug":"obavijesti","status":"publish","type":"page","link":"https:\/\/zeleniseget.hr\/wp\/?page_id=8992","title":{"rendered":"Obavijesti"},"content":{"rendered":"<section class=\"l-section wpb_row height_custom\"><div class=\"l-section-h i-cf\"><div class=\"g-cols vc_row via_grid cols_3 laptops-cols_inherit tablets-cols_1 mobiles-cols_1 valign_top type_default stacking_default\" style=\"--gap:4rem;\"><div class=\"wpb_column vc_column_container us_custom_b4a3cd96\"><div class=\"vc_column-inner\"><div class=\"w-text us_custom_acb56ff8 has_text_color\"><span class=\"w-text-h\"><span class=\"w-text-value\">Op\u0107e obavijesti i upute<\/span><\/span><\/div><div class=\"w-separator size_small\"><\/div><div class=\"w-tabs style_default switch_click accordion type_togglable has_scrolling remove_indents\" style=\"--sections-title-size:1.2rem\"><div class=\"w-tabs-sections titles-align_none icon_plus cpos_right\"><div class=\"w-tabs-section\" id=\"e333\"><button class=\"w-tabs-section-header\" aria-controls=\"content-e333\" aria-expanded=\"false\"><div class=\"w-tabs-section-title\">Obavijest o osnivanju i upute za korisnike &#8211; 24. listopada 2024<\/div><div class=\"w-tabs-section-control\"><\/div><\/button><div  class=\"w-tabs-section-content\" id=\"content-e333\"><div class=\"w-tabs-section-content-h i-cf\"><div class=\"wpb_text_column\"><div class=\"wpb_wrapper\"><p>Obavijest o osnivanju Zelenog Segeta i preuzimanju javne usluge odvoza komunalnog otpada i upute za korisnike<\/p>\n<p>Preuzmite <a href=\"https:\/\/zeleniseget.hr\/wp\/wp-content\/uploads\/2024\/11\/Zeleni-Seget-objava-1-24_10_2024.pdf\">obavijest<\/a><\/p>\n<p>Odluka Op\u0107inskog vije\u0107a dostupna je u slu\u017ebenom glasniku Op\u0107ine Seget na https:\/\/www.opcinaseget.hr\/dokumenti\/<\/p>\n<\/div><\/div><\/div><\/div><\/div><\/div><\/div><div class=\"w-separator size_small\"><\/div><div class=\"w-tabs style_default switch_click accordion type_togglable has_scrolling remove_indents\" style=\"--sections-title-size:1.2rem\"><div class=\"w-tabs-sections titles-align_none icon_plus cpos_right\"><div class=\"w-tabs-section\" id=\"q6e8\"><button class=\"w-tabs-section-header\" aria-controls=\"content-q6e8\" aria-expanded=\"false\"><div class=\"w-tabs-section-title\">Propisi<\/div><div class=\"w-tabs-section-control\"><\/div><\/button><div  class=\"w-tabs-section-content\" id=\"content-q6e8\"><div class=\"w-tabs-section-content-h i-cf\"><div class=\"wpb_text_column\"><div class=\"wpb_wrapper\"><p>Zakonodavni okvir za gospodarenje otpadom<\/p>\n<ul>\n<li><a href=\"https:\/\/narodne-novine.nn.hr\/clanci\/sluzbeni\/2021_07_84_1554.html\">Zakon o gospodarenju otpadom<\/a>\u00a0<\/li>\n<li><a href=\"https:\/\/narodne-novine.nn.hr\/clanci\/sluzbeni\/2022_09_106_1552.html\">Pravilnik o gospodarenju otpadom<\/a><\/li>\n<li><a href=\"https:\/\/mingo.gov.hr\/o-ministarstvu-1065\/djelokrug\/uprava-za-procjenu-utjecaja-na-okolis-i-odrzivo-gospodarenje-otpadom-1271\/zakoni-i-propisi-7637\/zakoni-i-propisi-iz-podrucja-gospodarenja-otpadom\/7593\">Ostali propisi<\/a><\/li>\n<\/ul>\n<\/div><\/div><\/div><\/div><\/div><\/div><\/div><div class=\"w-separator size_large\"><\/div><div class=\"w-text us_custom_acb56ff8 has_text_color\"><span class=\"w-text-h\"><span class=\"w-text-value\">Javna savjetovanja<\/span><\/span><\/div><div class=\"w-separator size_small\"><\/div><div class=\"w-tabs us_custom_0259209c has_text_color style_default switch_click accordion type_togglable has_scrolling remove_indents\" style=\"--sections-title-size:1.2rem\"><div class=\"w-tabs-sections titles-align_none icon_plus cpos_right\"><div class=\"w-tabs-section\" id=\"badf\"><button class=\"w-tabs-section-header\" aria-controls=\"content-badf\" aria-expanded=\"false\"><div class=\"w-tabs-section-title\">Cjenik komunalne usluge ukopa pokojnika 24.12.2024<\/div><div class=\"w-tabs-section-control\"><\/div><\/button><div  class=\"w-tabs-section-content\" id=\"content-badf\"><div class=\"w-tabs-section-content-h i-cf\"><div class=\"wpb_text_column\"><div class=\"wpb_wrapper\"><p>Zeleni Seget d.o.o. objavio je javno savjetovanje o novom Cjeniku pru\u017eanja komunalne usluge ukopa pokojnika na groblju na podru\u010dju Op\u0107ine Seget<\/p>\n<p>Novi cjenik dostupan je na <a href=\"https:\/\/zeleniseget.hr\/wp\/wp-content\/uploads\/2024\/12\/Cjenik-komunalnih-usluga-ukopa-pokojnika-javno-savjetovanje.docx\">poveznici.<\/a><\/p>\n<p>Obrazac za sudjelovanje preuzmite <a href=\"https:\/\/zeleniseget.hr\/wp\/wp-content\/uploads\/2024\/12\/Obrazac-savjetovanje-za-cjenik-komunalne-usluge-ukopa-pokojnika.docx\">ovdje<\/a><\/p>\n<\/div><\/div><\/div><\/div><\/div><div class=\"w-tabs-section\" id=\"bb91\"><button class=\"w-tabs-section-header\" aria-controls=\"content-bb91\" aria-expanded=\"false\"><div class=\"w-tabs-section-title\">Isporuka komunalne usluge ukopa pokojnika unutar groblja<\/div><div class=\"w-tabs-section-control\"><\/div><\/button><div  class=\"w-tabs-section-content\" id=\"content-bb91\"><div class=\"w-tabs-section-content-h i-cf\"><div class=\"wpb_text_column\"><div class=\"wpb_wrapper\"><p>Zeleni Seget objavio je 13.11.2024 javno savjetovanje o Op\u0107im uvjetima isporuke komunalne usluge ukopa pokojnika unutar groblja na podru\u010dju Op\u0107ine Seget <span>\u2013 preuzmi\u00a0<\/span><a href=\"https:\/\/zeleniseget.hr\/wp\/wp-content\/uploads\/2024\/11\/OPCI-UVJETI-ISPORUKE-KOMUNALNE-USLUGE-UKOPA-POKOJNIKA-UNUTAR-GROBLJA-NA-PODRUCJU-OPCINE-SEGET.docx\">dokument<\/a><\/p>\n<\/div><\/div><\/div><\/div><\/div><div class=\"w-tabs-section\" id=\"xc51\"><button class=\"w-tabs-section-header\" aria-controls=\"content-xc51\" aria-expanded=\"false\"><div class=\"w-tabs-section-title\">Cjenik javne usluge MKO &#8211; 08.11.2024<\/div><div class=\"w-tabs-section-control\"><\/div><\/button><div  class=\"w-tabs-section-content\" id=\"content-xc51\"><div class=\"w-tabs-section-content-h i-cf\"><div class=\"wpb_text_column\"><div class=\"wpb_wrapper\"><p>Zeleni Seget d.o.o. predla\u017ee novi cjenik za pru\u017eanje javne usluge dovoza mije\u0161anog komunalnog otpada s primjenom od 01.01.2025<\/p>\n<p>Prijedlog novog cjenika mo\u017eete preuzeti <a href=\"https:\/\/zeleniseget.hr\/wp\/wp-content\/uploads\/2024\/11\/Cijenik-javne-usluge-prikupljanja-mijesanog-komunalnog-otpada-Zeleni-Seget.pdf\">ovdje<\/a>.\u00a0<\/p>\n<p>Obrazlo\u017eenje novog cjenika &#8211; <a href=\"https:\/\/zeleniseget.hr\/wp\/wp-content\/uploads\/2024\/11\/Obrazlozenje-Cijenika-i-CMJU-Zeleni-Seget.pdf\">preuzmite<\/a><\/p>\n<\/div><\/div><\/div><\/div><\/div><div class=\"w-tabs-section\" id=\"vcfe\"><button class=\"w-tabs-section-header\" aria-controls=\"content-vcfe\" aria-expanded=\"false\"><div class=\"w-tabs-section-title\">Odluka o na\u010dinu pru\u017eanja javne usluge &#8211; Op\u0107ina Seget<\/div><div class=\"w-tabs-section-control\"><\/div><\/button><div  class=\"w-tabs-section-content\" id=\"content-vcfe\"><div class=\"w-tabs-section-content-h i-cf\"><div class=\"wpb_text_column\"><div class=\"wpb_wrapper\"><p>Op\u0107ina Seget objavila je javno savjetovanje o Odluci o na\u010dinu pru\u017eanja javne usluge sakupljanja komunalnog otpada na podru\u010dju Op\u0107ine Seget.\u00a0<\/p>\n<p>Cjelokupan tekst javnog savjetovanja dostupan je na <a href=\"https:\/\/www.opcinaseget.hr\/savjetovanje-sa-javnoscu\/\">poveznici<\/a><\/p>\n<\/div><\/div><\/div><\/div><\/div><\/div><\/div><div class=\"w-separator size_large\"><\/div><\/div><\/div><\/div><\/div><\/section>\n","protected":false},"excerpt":{"rendered":"","protected":false},"author":1,"featured_media":0,"parent":1106,"menu_order":0,"comment_status":"closed","ping_status":"closed","template":"","meta":{"footnotes":""},"class_list":["post-8992","page","type-page","status-publish","hentry"],"_links":{"self":[{"href":"https:\/\/zeleniseget.hr\/wp\/index.php?rest_route=\/wp\/v2\/pages\/8992","targetHints":{"allow":["GET"]}}],"collection":[{"href":"https:\/\/zeleniseget.hr\/wp\/index.php?rest_route=\/wp\/v2\/pages"}],"about":[{"href":"https:\/\/zeleniseget.hr\/wp\/index.php?rest_route=\/wp\/v2\/types\/page"}],"author":[{"embeddable":true,"href":"https:\/\/zeleniseget.hr\/wp\/index.php?rest_route=\/wp\/v2\/users\/1"}],"replies":[{"embeddable":true,"href":"https:\/\/zeleniseget.hr\/wp\/index.php?rest_route=%2Fwp%2Fv2%2Fcomments&post=8992"}],"version-history":[{"count":18,"href":"https:\/\/zeleniseget.hr\/wp\/index.php?rest_route=\/wp\/v2\/pages\/8992\/revisions"}],"predecessor-version":[{"id":9147,"href":"https:\/\/zeleniseget.hr\/wp\/index.php?rest_route=\/wp\/v2\/pages\/8992\/revisions\/9147"}],"up":[{"embeddable":true,"href":"https:\/\/zeleniseget.hr\/wp\/index.php?rest_route=\/wp\/v2\/pages\/1106"}],"wp:attachment":[{"href":"https:\/\/zeleniseget.hr\/wp\/index.php?rest_route=%2Fwp%2Fv2%2Fmedia&parent=8992"}],"curies":[{"name":"wp","href":"https:\/\/api.w.org\/{rel}","templated":true}]}}